{"id":4258,"date":"2018-02-05T06:09:11","date_gmt":"2018-02-05T06:09:11","guid":{"rendered":"https:\/\/iocreate.com\/contact\/"},"modified":"2023-08-07T13:22:58","modified_gmt":"2023-08-07T13:22:58","slug":"contact","status":"publish","type":"page","link":"https:\/\/iocreate.com\/fr\/contact\/","title":{"rendered":"Contact"},"content":{"rendered":"<div class=\"wpb-content-wrapper\"><p>[vc_row equal_height=\u00a0\u00bbyes\u00a0\u00bb bg_type=\u00a0\u00bbbg_color\u00a0\u00bb bg_override=\u00a0\u00bbex-full\u00a0\u00bb bg_color_value=\u00a0\u00bb#000000&Prime; css=\u00a0\u00bb.vc_custom_1691414560249{margin-top: -70px !important;margin-bottom: -70px !important;}\u00a0\u00bb][vc_column width=\u00a0\u00bb5\/12&Prime; css=\u00a0\u00bb.vc_custom_1518510151468{margin-right: 25px !important;margin-bottom: 50px !important;margin-left: 25px !important;padding-top: 50px !important;padding-right: 50px !important;padding-bottom: 50px !important;padding-left: 50px !important;background-color: #ffffff !important;}\u00a0\u00bb]<div id=\"ultimate-heading-495269fd0aca0a2e6\" class=\"uvc-heading ult-adjust-bottom-margin ultimate-heading-495269fd0aca0a2e6 uvc-2319 accent-icon-color color-title accent-title-color dt-phone\" data-hspacer=\"icon_only\"  data-halign=\"center\" style=\"text-align:center\"><div class=\"uvc-heading-spacer icon_only\" style=\"margin-bottom:10px;\"><div class=\"ult-just-icon-wrapper  \"><div class=\"align-icon\" style=\"text-align:center;\">\n<div class=\"aio-icon none \"  style=\"font-size:32px;display:inline-block;\">\n\t<i class=\"icomoon-fontawesome-16x16-mobile-alt\"><\/i>\n<\/div><\/div><\/div><\/div><div class=\"uvc-main-heading ult-responsive\"  data-ultimate-target='.uvc-heading.ultimate-heading-495269fd0aca0a2e6 h2'  data-responsive-json-new='{\"font-size\":\"desktop:14px;\",\"line-height\":\"desktop:24px;\"}' ><h2 style=\"font-weight:bold;\">Appelez-nous<\/h2><\/div><div class=\"uvc-sub-heading ult-responsive\"  data-ultimate-target='.uvc-heading.ultimate-heading-495269fd0aca0a2e6 .uvc-sub-heading '  data-responsive-json-new='{\"font-size\":\"desktop:28px;\",\"line-height\":\"desktop:38px;\"}'  style=\"font-weight:bold;margin-bottom:30px;\">+212(0)653 63-2519<\/div><\/div><div id=\"ultimate-heading-437069fd0aca0a3d8\" class=\"uvc-heading ult-adjust-bottom-margin ultimate-heading-437069fd0aca0a3d8 uvc-2488 accent-icon-color color-title accent-title-color\" data-hspacer=\"icon_only\"  data-halign=\"center\" style=\"text-align:center\"><div class=\"uvc-heading-spacer icon_only\" style=\"margin-bottom:10px;\"><div class=\"ult-just-icon-wrapper  \"><div class=\"align-icon\" style=\"text-align:center;\">\n<div class=\"aio-icon none \"  style=\"font-size:32px;display:inline-block;\">\n\t<i class=\"icomoon-fontawesome-16x16-envelope\"><\/i>\n<\/div><\/div><\/div><\/div><div class=\"uvc-main-heading ult-responsive\"  data-ultimate-target='.uvc-heading.ultimate-heading-437069fd0aca0a3d8 h2'  data-responsive-json-new='{\"font-size\":\"desktop:14px;\",\"line-height\":\"desktop:24px;\"}' ><h2 style=\"font-weight:bold;\">Envoyez-nous un courrier<\/h2><\/div><div class=\"uvc-sub-heading ult-responsive\"  data-ultimate-target='.uvc-heading.ultimate-heading-437069fd0aca0a3d8 .uvc-sub-heading '  data-responsive-json-new='{\"font-size\":\"desktop:18px;\",\"line-height\":\"desktop:28px;\"}'  style=\"font-weight:bold;margin-bottom:30px;\">contact@iocreate.com<\/div><\/div><div id=\"ultimate-heading-128969fd0aca0a487\" class=\"uvc-heading ult-adjust-bottom-margin ultimate-heading-128969fd0aca0a487 uvc-6593 accent-icon-color color-title accent-title-color\" data-hspacer=\"icon_only\"  data-halign=\"center\" style=\"text-align:center\"><div class=\"uvc-heading-spacer icon_only\" style=\"margin-bottom:10px;\"><div class=\"ult-just-icon-wrapper  \"><div class=\"align-icon\" style=\"text-align:center;\">\n<div class=\"aio-icon none \"  style=\"font-size:32px;display:inline-block;\">\n\t<i class=\"icomoon-fontawesome-16x16-map-marker-alt\"><\/i>\n<\/div><\/div><\/div><\/div><div class=\"uvc-main-heading ult-responsive\"  data-ultimate-target='.uvc-heading.ultimate-heading-128969fd0aca0a487 h2'  data-responsive-json-new='{\"font-size\":\"desktop:14px;\",\"line-height\":\"desktop:24px;\"}' ><h2 style=\"font-weight:bold;\">Notre bureau<\/h2><\/div><div class=\"uvc-sub-heading ult-responsive\"  data-ultimate-target='.uvc-heading.ultimate-heading-128969fd0aca0a487 .uvc-sub-heading '  data-responsive-json-new='{\"font-size\":\"desktop:18px;\",\"line-height\":\"desktop:28px;\"}'  style=\"font-weight:bold;margin-bottom:30px;\">17 Rue Yougoslavie, Gueliz<br \/>\nMarrakech<br \/>\nMaroc 40000<\/div><\/div><style type=\"text\/css\" data-type=\"the7_shortcodes-inline-css\">.dt-shortcode-soc-icons.soc-icons-74c410b06c4f55dbdf014c8618579962 a {\n  margin-right: 10px;\n}\n.dt-shortcode-soc-icons a.soc-icons-74c410b06c4f55dbdf014c8618579962 {\n  margin-right: 10px;\n}\n.dt-shortcode-soc-icons a.soc-icons-74c410b06c4f55dbdf014c8618579962:last-child {\n  margin-right: 0;\n}\n.dt-shortcode-soc-icons a.soc-icons-74c410b06c4f55dbdf014c8618579962:before,\n.dt-shortcode-soc-icons a.soc-icons-74c410b06c4f55dbdf014c8618579962:after {\n  padding: inherit;\n}\n.dt-shortcode-soc-icons a.soc-icons-74c410b06c4f55dbdf014c8618579962.dt-icon-border-on:before {\n  border:  solid ;\n}\n.dt-shortcode-soc-icons a.soc-icons-74c410b06c4f55dbdf014c8618579962.dt-icon-hover-border-on:after {\n  border:  solid ;\n}\n<\/style><div class=\"dt-shortcode-soc-icons  soc-icons-74c410b06c4f55dbdf014c8618579962 soc-icons-center \" ><style type=\"text\/css\" data-type=\"the7_shortcodes-inline-css\">.dt-shortcode-soc-icons a.single-soc-icon-5f5529beacef5c9cf236eabf46807cc2 {\n  min-width: 40px;\n  min-height: 40px;\n  font-size: 24px;\n  border-radius: 100px;\n}\n.dt-shortcode-soc-icons a.single-soc-icon-5f5529beacef5c9cf236eabf46807cc2:last-child {\n  margin-right: 0;\n}\n.dt-shortcode-soc-icons a.single-soc-icon-5f5529beacef5c9cf236eabf46807cc2:before,\n.dt-shortcode-soc-icons a.single-soc-icon-5f5529beacef5c9cf236eabf46807cc2:after {\n  min-width: 40px;\n  min-height: 40px;\n  padding: inherit;\n}\n.dt-shortcode-soc-icons a.single-soc-icon-5f5529beacef5c9cf236eabf46807cc2.dt-icon-border-on:before {\n  border: 3px solid ;\n}\n.dt-shortcode-soc-icons a.single-soc-icon-5f5529beacef5c9cf236eabf46807cc2.dt-icon-hover-border-on:after {\n  border: 3px solid ;\n}\n.dt-shortcode-soc-icons a.single-soc-icon-5f5529beacef5c9cf236eabf46807cc2:hover {\n  font-size: 24px;\n}\n#page .dt-shortcode-soc-icons a.single-soc-icon-5f5529beacef5c9cf236eabf46807cc2:hover .soc-font-icon,\n#phantom .dt-shortcode-soc-icons a.single-soc-icon-5f5529beacef5c9cf236eabf46807cc2:hover .soc-font-icon,\n#page .dt-shortcode-soc-icons a.single-soc-icon-5f5529beacef5c9cf236eabf46807cc2:hover .soc-icon,\n#phantom .dt-shortcode-soc-icons a.single-soc-icon-5f5529beacef5c9cf236eabf46807cc2:hover .soc-icon {\n  color: #ffffff;\n  background: none;\n}\n.dt-shortcode-soc-icons a.single-soc-icon-5f5529beacef5c9cf236eabf46807cc2 .soc-font-icon,\n.dt-shortcode-soc-icons a.single-soc-icon-5f5529beacef5c9cf236eabf46807cc2 .soc-icon {\n  font-size: 24px;\n}\n<\/style><a title=\"Facebook\" href=\"https:\/\/www.facebook.com\/ioCreate.official\"  target=\"_blank\"class=\"facebook single-soc-icon-5f5529beacef5c9cf236eabf46807cc2 dt-icon-bg-off dt-icon-border-on dt-icon-hover-border-on dt-icon-hover-bg-on  \" ><i class=\"soc-icon soc-font-icon dt-icon-facebook\"><\/i><span class=\"screen-reader-text\">Facebook<\/span><\/a><style type=\"text\/css\" data-type=\"the7_shortcodes-inline-css\">.dt-shortcode-soc-icons a.single-soc-icon-ebe5558e22ac0142a87dab2fbc67a459 {\n  min-width: 40px;\n  min-height: 40px;\n  font-size: 24px;\n  border-radius: 100px;\n}\n.dt-shortcode-soc-icons a.single-soc-icon-ebe5558e22ac0142a87dab2fbc67a459:last-child {\n  margin-right: 0;\n}\n.dt-shortcode-soc-icons a.single-soc-icon-ebe5558e22ac0142a87dab2fbc67a459:before,\n.dt-shortcode-soc-icons a.single-soc-icon-ebe5558e22ac0142a87dab2fbc67a459:after {\n  min-width: 40px;\n  min-height: 40px;\n  padding: inherit;\n}\n.dt-shortcode-soc-icons a.single-soc-icon-ebe5558e22ac0142a87dab2fbc67a459.dt-icon-border-on:before {\n  border: 3px solid ;\n}\n.dt-shortcode-soc-icons a.single-soc-icon-ebe5558e22ac0142a87dab2fbc67a459.dt-icon-hover-border-on:after {\n  border: 3px solid ;\n}\n.dt-shortcode-soc-icons a.single-soc-icon-ebe5558e22ac0142a87dab2fbc67a459:hover {\n  font-size: 24px;\n}\n#page .dt-shortcode-soc-icons a.single-soc-icon-ebe5558e22ac0142a87dab2fbc67a459:hover .soc-font-icon,\n#phantom .dt-shortcode-soc-icons a.single-soc-icon-ebe5558e22ac0142a87dab2fbc67a459:hover .soc-font-icon,\n#page .dt-shortcode-soc-icons a.single-soc-icon-ebe5558e22ac0142a87dab2fbc67a459:hover .soc-icon,\n#phantom .dt-shortcode-soc-icons a.single-soc-icon-ebe5558e22ac0142a87dab2fbc67a459:hover .soc-icon {\n  color: #ffffff;\n  background: none;\n}\n.dt-shortcode-soc-icons a.single-soc-icon-ebe5558e22ac0142a87dab2fbc67a459 .soc-font-icon,\n.dt-shortcode-soc-icons a.single-soc-icon-ebe5558e22ac0142a87dab2fbc67a459 .soc-icon {\n  font-size: 24px;\n}\n<\/style><a title=\"Instagram\" href=\"https:\/\/www.instagram.com\/iocreate.official\/\"  target=\"_blank\"class=\"instagram single-soc-icon-ebe5558e22ac0142a87dab2fbc67a459 dt-icon-bg-off dt-icon-border-on dt-icon-hover-border-on dt-icon-hover-bg-on  \" ><i class=\"soc-icon soc-font-icon dt-icon-instagram\"><\/i><span class=\"screen-reader-text\">Instagram<\/span><\/a><style type=\"text\/css\" data-type=\"the7_shortcodes-inline-css\">.dt-shortcode-soc-icons a.single-soc-icon-cc47acb2ea66c4585f3a5b211364d048 {\n  min-width: 40px;\n  min-height: 40px;\n  font-size: 24px;\n  border-radius: 100px;\n}\n.dt-shortcode-soc-icons a.single-soc-icon-cc47acb2ea66c4585f3a5b211364d048:last-child {\n  margin-right: 0;\n}\n.dt-shortcode-soc-icons a.single-soc-icon-cc47acb2ea66c4585f3a5b211364d048:before,\n.dt-shortcode-soc-icons a.single-soc-icon-cc47acb2ea66c4585f3a5b211364d048:after {\n  min-width: 40px;\n  min-height: 40px;\n  padding: inherit;\n}\n.dt-shortcode-soc-icons a.single-soc-icon-cc47acb2ea66c4585f3a5b211364d048.dt-icon-border-on:before {\n  border: 3px solid ;\n}\n.dt-shortcode-soc-icons a.single-soc-icon-cc47acb2ea66c4585f3a5b211364d048.dt-icon-hover-border-on:after {\n  border: 3px solid ;\n}\n.dt-shortcode-soc-icons a.single-soc-icon-cc47acb2ea66c4585f3a5b211364d048:hover {\n  font-size: 24px;\n}\n#page .dt-shortcode-soc-icons a.single-soc-icon-cc47acb2ea66c4585f3a5b211364d048:hover .soc-font-icon,\n#phantom .dt-shortcode-soc-icons a.single-soc-icon-cc47acb2ea66c4585f3a5b211364d048:hover .soc-font-icon,\n#page .dt-shortcode-soc-icons a.single-soc-icon-cc47acb2ea66c4585f3a5b211364d048:hover .soc-icon,\n#phantom .dt-shortcode-soc-icons a.single-soc-icon-cc47acb2ea66c4585f3a5b211364d048:hover .soc-icon {\n  color: #ffffff;\n  background: none;\n}\n.dt-shortcode-soc-icons a.single-soc-icon-cc47acb2ea66c4585f3a5b211364d048 .soc-font-icon,\n.dt-shortcode-soc-icons a.single-soc-icon-cc47acb2ea66c4585f3a5b211364d048 .soc-icon {\n  font-size: 24px;\n}\n<\/style><a title=\"Twitter\" href=\"https:\/\/twitter.com\/iocreate_offic\"  target=\"_blank\"class=\"twitter single-soc-icon-cc47acb2ea66c4585f3a5b211364d048 dt-icon-bg-off dt-icon-border-on dt-icon-hover-border-on dt-icon-hover-bg-on  \" ><i class=\"soc-icon soc-font-icon dt-icon-twitter\"><\/i><span class=\"screen-reader-text\">Twitter<\/span><\/a><\/div>[\/vc_column][vc_column width=\u00a0\u00bb7\/12&Prime; css=\u00a0\u00bb.vc_custom_1518430782026{margin-right: 25px !important;margin-bottom: 50px !important;margin-left: 25px !important;padding-top: 50px !important;padding-right: 50px !important;padding-bottom: 50px !important;padding-left: 50px !important;background-color: #ffffff !important;}\u00a0\u00bb]<div id=\"ultimate-heading-647769fd0aca0a76a\" class=\"uvc-heading ult-adjust-bottom-margin ultimate-heading-647769fd0aca0a76a uvc-3922 accent-border-color\" data-hspacer=\"line_only\"  data-halign=\"center\" style=\"text-align:center\"><div class=\"uvc-main-heading ult-responsive\"  data-ultimate-target='.uvc-heading.ultimate-heading-647769fd0aca0a76a h2'  data-responsive-json-new='{\"font-size\":\"desktop:34px;mobile_landscape:24px;\",\"line-height\":\"desktop:44px;mobile_landscape:34px;\"}' ><h2 style=\"font-weight:bold;margin-bottom:20px;\">Discutons de votre projet !<\/h2><\/div><div class=\"uvc-heading-spacer line_only\" style=\"margin-bottom:30px;height:4px;\"><span class=\"uvc-headings-line\" style=\"border-style:solid;border-bottom-width:4px;border-color:;width:100px;\"><\/span><\/div><div class=\"uvc-sub-heading ult-responsive\"  data-ultimate-target='.uvc-heading.ultimate-heading-647769fd0aca0a76a .uvc-sub-heading '  data-responsive-json-new='{\"font-size\":\"desktop:16px;\",\"line-height\":\"desktop:28px;\"}'  style=\"font-weight:normal;margin-bottom:35px;\">Remplissez le formulaire ci-dessous et commen\u00e7ons \u00e0 transformer votre vision en r\u00e9alit\u00e9 !<\/div><\/div><form class=\"dt-contact-form dt-form\" method=\"post\"><input type=\"hidden\" name=\"widget_id\" value=\"presscore-contact-form-widget--1\" \/><input type=\"hidden\" name=\"send_message\" value=\"\" \/><input type=\"hidden\" name=\"security_token\" value=\"34519959835f0a213bdd\"\/><div class=\"form-fields\"><span class=\"form-name\"><label class=\"assistive-text\">Nom *<\/label><input type=\"text\" class=\"validate[required]\" placeholder=\"Nom *\" name=\"name\" value=\"\" aria-required=\"true\">\n<\/span><span class=\"form-mail\"><label class=\"assistive-text\">E-mail *<\/label><input type=\"text\" class=\"validate[required,custom[email]]\" placeholder=\"E-mail *\" name=\"email\" value=\"\" aria-required=\"true\">\n<\/span><span class=\"form-telephone\"><label class=\"assistive-text\">T\u00e9l\u00e9phone *<\/label><input type=\"text\" class=\"validate[required,custom[phone]]\" placeholder=\"T\u00e9l\u00e9phone *\" name=\"telephone\" value=\"\" aria-required=\"true\">\n<\/span><span class=\"form-company\"><label class=\"assistive-text\">Entreprise<\/label><input type=\"text\" placeholder=\"Entreprise\" name=\"company\" value=\"\" aria-required=\"false\">\n<\/span><span class=\"form-website\"><label class=\"assistive-text\">Site Web<\/label><input type=\"text\" placeholder=\"Site Web\" name=\"website\" value=\"\" aria-required=\"false\">\n<\/span><\/div><span class=\"form-message\"><label class=\"assistive-text\">Message *<\/label><textarea class=\"validate[required]\" placeholder=\"Message *\" name=\"message\" rows=\"6\" aria-required=\"true\"><\/textarea>\n<\/span><p><a href=\"#\" class=\"dt-btn dt-btn-m dt-btn-submit\" rel=\"nofollow\"><span>Envoyer message<\/span><\/a><input class=\"assistive-text\" type=\"submit\" value=\"envoyer\"><\/p><\/form>\n[\/vc_column][\/vc_row]<\/p>\n<\/div>","protected":false},"excerpt":{"rendered":"<p>[vc_row equal_height=\u00a0\u00bbyes\u00a0\u00bb bg_type=\u00a0\u00bbbg_color\u00a0\u00bb bg_override=\u00a0\u00bbex-full\u00a0\u00bb bg_color_value=\u00a0\u00bb#000000&Prime; css=\u00a0\u00bb.vc_custom_1691414560249{margin-top: -70px !important;margin-bottom: -70px !important;}\u00a0\u00bb][vc_column width=\u00a0\u00bb5\/12&Prime; css=\u00a0\u00bb.vc_custom_1518510151468{margin-right: 25px !important;margin-bottom: 50px !important;margin-left: 25px !important;padding-top: 50px !important;padding-right: 50px !important;padding-bottom: 50px !important;padding-left: 50px !important;background-color: #ffffff !important;}\u00a0\u00bb][\/vc_column][vc_column width=\u00a0\u00bb7\/12&Prime; css=\u00a0\u00bb.vc_custom_1518430782026{margin-right: 25px !important;margin-bottom: 50px !important;margin-left: 25px !important;padding-top: 50px !important;padding-right: 50px !important;padding-bottom: 50px !important;padding-left: 50px !important;background-color: #ffffff !important;}\u00a0\u00bb][\/vc_column][\/vc_row]<\/p>\n","protected":false},"author":1,"featured_media":0,"parent":0,"menu_order":60,"comment_status":"closed","ping_status":"closed","template":"","meta":{"_mi_skip_tracking":false,"footnotes":""},"class_list":["post-4258","page","type-page","status-publish","hentry","description-off"],"_links":{"self":[{"href":"https:\/\/iocreate.com\/fr\/wp-json\/wp\/v2\/pages\/4258","targetHints":{"allow":["GET"]}}],"collection":[{"href":"https:\/\/iocreate.com\/fr\/wp-json\/wp\/v2\/pages"}],"about":[{"href":"https:\/\/iocreate.com\/fr\/wp-json\/wp\/v2\/types\/page"}],"author":[{"embeddable":true,"href":"https:\/\/iocreate.com\/fr\/wp-json\/wp\/v2\/users\/1"}],"replies":[{"embeddable":true,"href":"https:\/\/iocreate.com\/fr\/wp-json\/wp\/v2\/comments?post=4258"}],"version-history":[{"count":7,"href":"https:\/\/iocreate.com\/fr\/wp-json\/wp\/v2\/pages\/4258\/revisions"}],"predecessor-version":[{"id":4357,"href":"https:\/\/iocreate.com\/fr\/wp-json\/wp\/v2\/pages\/4258\/revisions\/4357"}],"wp:attachment":[{"href":"https:\/\/iocreate.com\/fr\/wp-json\/wp\/v2\/media?parent=4258"}],"curies":[{"name":"wp","href":"https:\/\/api.w.org\/{rel}","templated":true}]}}